{"id":51477,"date":"2024-11-29T20:28:15","date_gmt":"2024-11-29T20:28:15","guid":{"rendered":"https:\/\/katsiad.com.tr\/iletisim\/"},"modified":"2024-12-05T20:54:16","modified_gmt":"2024-12-05T20:54:16","slug":"contact","status":"publish","type":"page","link":"https:\/\/katsiad.com.tr\/en\/contact\/","title":{"rendered":"Contact"},"content":{"rendered":"<h3>Contact Infos<\/h3>\n<p>Get D\u0131\u015f Ticaret Orman \u00dcr\u00fcnleri\u00a0ve Matbaa Reklam Hiz. LTD. \u015eT\u0130<br \/>\nEmirsultan Mah.362 sok.\u00a0Emirkent Sitesi\u00a0B\/ Blok no: 13 Kat: 3 Daire : 5 Karacabey \/ Bursa \/ T\u00dcRK\u0130YE<br \/>\nKaracabey VD 394 045 8387<br \/>\nTicaret sicil no: 3263 \/ Karacabey<br \/>\nPhone: +90 539 303 32 26<br \/>\n<a href=\"mailto:info@getyayincilik.com.tr\">info@getyayincilik.com.tr<\/a><\/p>\n<h3>Bank Infos<\/h3>\n<p>GET DI\u015e TICARET ORMAN \u00dcR\u00dcNLER\u0130 VE MATBAA REKLAM HIZMETLER\u0130. LTD.STI.<\/p>\n<p><strong>DEN\u0130Z BANK:\u00a0<\/strong><\/p>\n<p>KARACABEY \u015eB:\u00a04800 \u015fube kodu\u00a0 4800 \u2013 6116934 \u2013 351<\/p>\n<p>SWIFT KODU: DENITRIS<\/p>\n<p><strong>EUR IBAN:\u00a0<\/strong><strong>TR28 0013 4000 0061 1693 4000 25<\/strong><\/p>\n<p>TRL IBAN: TR82 0013 4000 0061 1693 4000 23<\/p>\n","protected":false},"excerpt":{"rendered":"<p>Contact Infos Get D\u0131\u015f Ticaret Orman \u00dcr\u00fcnleri\u00a0ve Matbaa Reklam Hiz. LTD. \u015eT\u0130 Emirsultan Mah.362 sok.\u00a0Emirkent Sitesi\u00a0B\/ Blok no: 13 Kat: 3 Daire : 5 Karacabey \/ Bursa \/ T\u00dcRK\u0130YE Karacabey VD 394 045 8387 Ticaret sicil no: 3263 \/ Karacabey Phone: +90 539 303 32 26 info@getyayincilik.com.tr Bank Infos GET DI\u015e TICARET ORMAN \u00dcR\u00dcNLER\u0130 VE [&hellip;]<\/p>\n","protected":false},"author":1,"featured_media":0,"parent":0,"menu_order":0,"comment_status":"closed","ping_status":"closed","template":"","meta":{"om_disable_all_campaigns":false,"_monsterinsights_skip_tracking":false,"_monsterinsights_sitenote_active":false,"_monsterinsights_sitenote_note":"","_monsterinsights_sitenote_category":0,"_uf_show_specific_survey":0,"_uf_disable_surveys":false,"footnotes":"","_links_to":"","_links_to_target":""},"class_list":["post-51477","page","type-page","status-publish"],"aioseo_notices":[],"_links":{"self":[{"href":"https:\/\/katsiad.com.tr\/en\/wp-json\/wp\/v2\/pages\/51477","targetHints":{"allow":["GET"]}}],"collection":[{"href":"https:\/\/katsiad.com.tr\/en\/wp-json\/wp\/v2\/pages"}],"about":[{"href":"https:\/\/katsiad.com.tr\/en\/wp-json\/wp\/v2\/types\/page"}],"author":[{"embeddable":true,"href":"https:\/\/katsiad.com.tr\/en\/wp-json\/wp\/v2\/users\/1"}],"replies":[{"embeddable":true,"href":"https:\/\/katsiad.com.tr\/en\/wp-json\/wp\/v2\/comments?post=51477"}],"version-history":[{"count":2,"href":"https:\/\/katsiad.com.tr\/en\/wp-json\/wp\/v2\/pages\/51477\/revisions"}],"predecessor-version":[{"id":51479,"href":"https:\/\/katsiad.com.tr\/en\/wp-json\/wp\/v2\/pages\/51477\/revisions\/51479"}],"wp:attachment":[{"href":"https:\/\/katsiad.com.tr\/en\/wp-json\/wp\/v2\/media?parent=51477"}],"curies":[{"name":"wp","href":"https:\/\/api.w.org\/{rel}","templated":true}]}}