{"id":51486,"date":"2024-11-29T20:49:31","date_gmt":"2024-11-29T20:49:31","guid":{"rendered":"https:\/\/katsiad.com.tr\/kunye\/"},"modified":"2024-12-05T21:04:51","modified_gmt":"2024-12-05T21:04:51","slug":"publication-information","status":"publish","type":"page","link":"https:\/\/katsiad.com.tr\/en\/publication-information\/","title":{"rendered":"Publication Information"},"content":{"rendered":"<h3><strong>Publication Information for the Camping, Caravan, and Tiny House Equipment Industry Gazette<\/strong><\/h3>\n<h4><strong>Publisher<\/strong><\/h4>\n<p><strong>GET DI\u015e T\u0130CARET ORMAN \u00dcR\u00dcNLER\u0130 VE MATBAA REKLAM H\u0130ZMETLER\u0130 LTD. \u015eT\u0130.<\/strong><br \/>\nOn behalf of <strong>Fikret Demir<\/strong><\/p>\n<h4><strong>Management Contact Address<\/strong><\/h4>\n<p><strong>GET D\u0131\u015f Ticaret Orman \u00dcr\u00fcnleri ve Matbaa Reklam Hizmetleri Ltd. \u015eti.<\/strong><br \/>\nEmirsultan Mah. 362 Sok. Emirkent Sitesi B \/ Blok<br \/>\nNo:13 Kat:3 Daire:5<br \/>\nKaracabey \/ Bursa \/ T\u00fcrkiye<br \/>\n<strong>Karacabey VD<\/strong>: 394 045 8387<br \/>\n<strong>Trade Registry Number<\/strong>: 3263 \/ Karacabey<\/p>\n<h4><strong>Editorial Office and Responsible Manager<\/strong><\/h4>\n<p><strong>Fikret Demir<\/strong><br \/>\nPhone: <strong>+90 539 303 32 26<\/strong><br \/>\nEmail: <strong><a rel=\"noopener\">info@getyayincilik.com.tr<\/a><\/strong><\/p>\n<h4><strong>International Relations<\/strong><\/h4>\n<p>Email: <strong><a rel=\"noopener\">umut@getyayincilik.com.tr<\/a><\/strong><\/p>\n<h4><strong>E-Gazette \/ Webmaster<\/strong><\/h4>\n<p>Email: <strong><a rel=\"noopener\">webmaster@getyayincilik.com.tr<\/a><\/strong><\/p>\n<h4><strong>Advertising Reservations<\/strong><\/h4>\n<p>Email: <strong><a rel=\"noopener\">reklam@getyayincilik.com.tr<\/a><\/strong><\/p>\n<h4><strong>Printing Location<\/strong><\/h4>\n<p><strong>R\u0130T\u0130M BASKI SANATLARI MATBAACILIK SANAY\u0130 T\u0130CARET LTD. \u015eT\u0130.<\/strong><br \/>\n1 Dudullu Mah. Necip Faz\u0131l Bulvar\u0131 Cad. No: 44 Keyap \u00c7ar\u015f\u0131s\u0131 F1 Blok 92<br \/>\n\u00dcmraniye \/ \u0130stanbul<br \/>\nPhone: <strong>+90 216 508 20 20<\/strong><br \/>\nFax: <strong>+90 216 508 20 45<\/strong><br \/>\nWebsite: <strong><a href=\"http:\/\/www.teknikbasim.com\" target=\"_new\" rel=\"noopener\">www.teknikbasim.com<\/a><\/strong><br \/>\n<strong>Certificate No<\/strong>: 45252<\/p>\n<h4><strong>Distribution<\/strong><\/h4>\n<p><strong>PTT \u2013 POSTA ve KARGO<\/strong><\/p>\n<p>For any inquiries, please email: <strong><a rel=\"noopener\">info@getyayincilik.com.tr<\/a><\/strong><\/p>\n<p><strong>Camping, Caravan, and Tiny House Equipment Industry Gazette<\/strong> is a widely distributed periodical. All rights related to the articles, images, and photographs published in this gazette, originating from <strong>FSEK (Intellectual Property Law) and the Press Law<\/strong>, belong to <strong>GET D\u0131\u015f Ticaret Orman \u00dcr\u00fcnleri ve Matbaa Reklam Hizmetleri Limited \u015eirketi<\/strong>. These materials may not be reproduced, even with proper attribution, without permission.<\/p>\n","protected":false},"excerpt":{"rendered":"<p>Publication Information for the Camping, Caravan, and Tiny House Equipment Industry Gazette Publisher GET DI\u015e T\u0130CARET ORMAN \u00dcR\u00dcNLER\u0130 VE MATBAA REKLAM H\u0130ZMETLER\u0130 LTD. \u015eT\u0130. On behalf of Fikret Demir Management Contact Address GET D\u0131\u015f Ticaret Orman \u00dcr\u00fcnleri ve Matbaa Reklam Hizmetleri Ltd. \u015eti. Emirsultan Mah. 362 Sok. Emirkent Sitesi B \/ Blok No:13 Kat:3 Daire:5 [&hellip;]<\/p>\n","protected":false},"author":1,"featured_media":0,"parent":0,"menu_order":0,"comment_status":"closed","ping_status":"closed","template":"","meta":{"om_disable_all_campaigns":false,"_monsterinsights_skip_tracking":false,"_monsterinsights_sitenote_active":false,"_monsterinsights_sitenote_note":"","_monsterinsights_sitenote_category":0,"_uf_show_specific_survey":0,"_uf_disable_surveys":false,"footnotes":"","_links_to":"","_links_to_target":""},"class_list":["post-51486","page","type-page","status-publish"],"aioseo_notices":[],"_links":{"self":[{"href":"https:\/\/katsiad.com.tr\/en\/wp-json\/wp\/v2\/pages\/51486","targetHints":{"allow":["GET"]}}],"collection":[{"href":"https:\/\/katsiad.com.tr\/en\/wp-json\/wp\/v2\/pages"}],"about":[{"href":"https:\/\/katsiad.com.tr\/en\/wp-json\/wp\/v2\/types\/page"}],"author":[{"embeddable":true,"href":"https:\/\/katsiad.com.tr\/en\/wp-json\/wp\/v2\/users\/1"}],"replies":[{"embeddable":true,"href":"https:\/\/katsiad.com.tr\/en\/wp-json\/wp\/v2\/comments?post=51486"}],"version-history":[{"count":1,"href":"https:\/\/katsiad.com.tr\/en\/wp-json\/wp\/v2\/pages\/51486\/revisions"}],"predecessor-version":[{"id":51487,"href":"https:\/\/katsiad.com.tr\/en\/wp-json\/wp\/v2\/pages\/51486\/revisions\/51487"}],"wp:attachment":[{"href":"https:\/\/katsiad.com.tr\/en\/wp-json\/wp\/v2\/media?parent=51486"}],"curies":[{"name":"wp","href":"https:\/\/api.w.org\/{rel}","templated":true}]}}